{"id":5,"date":"2022-01-02T17:53:26","date_gmt":"2022-01-02T17:53:26","guid":{"rendered":"https:\/\/babyosteopathy.com\/?page_id=5"},"modified":"2025-05-01T14:56:05","modified_gmt":"2025-05-01T14:56:05","slug":"willkommen-auf-https-babyosteopathy-com","status":"publish","type":"page","link":"https:\/\/babyosteopathy.com\/","title":{"rendered":"Osteopathie f\u00fcr Babys"},"content":{"rendered":"\n<p class=\"has-black-color has-text-color has-background\" style=\"background-color:#f3e8eb\">Osteopathie ist eine  Behandlungsmethode, die auf Grund ihrer sanften, rein durch die H\u00e4nde des Therapeuten ausgef\u00fchrten Bewegungen schon bei Neugeborenen Anwendung findet. Seit Dr. A. T. Still, der Begr\u00fcnder der Osteopathie, 1870 die ganzheitliche Zusammenh\u00e4nge des K\u00f6rpers und seiner Umgebung zu erforschen begann, ist diese alternative Heilmethode heutzutage weltweit verbreitet. <\/p>\n","protected":false},"excerpt":{"rendered":"<p>Osteopathie ist eine Behandlungsmethode, die auf Grund ihrer sanften, rein durch die H\u00e4nde des Therapeuten ausgef\u00fchrten Bewegungen schon bei Neugeborenen Anwendung findet. Seit Dr. A. T. Still, der Begr\u00fcnder der &hellip; <\/p>\n","protected":false},"author":1,"featured_media":95,"parent":0,"menu_order":0,"comment_status":"closed","ping_status":"closed","template":"template-home.php","meta":{"footnotes":""},"class_list":["post-5","page","type-page","status-publish","has-post-thumbnail","hentry"],"_links":{"self":[{"href":"https:\/\/babyosteopathy.com\/index.php?rest_route=\/wp\/v2\/pages\/5","targetHints":{"allow":["GET"]}}],"collection":[{"href":"https:\/\/babyosteopathy.com\/index.php?rest_route=\/wp\/v2\/pages"}],"about":[{"href":"https:\/\/babyosteopathy.com\/index.php?rest_route=\/wp\/v2\/types\/page"}],"author":[{"embeddable":true,"href":"https:\/\/babyosteopathy.com\/index.php?rest_route=\/wp\/v2\/users\/1"}],"replies":[{"embeddable":true,"href":"https:\/\/babyosteopathy.com\/index.php?rest_route=%2Fwp%2Fv2%2Fcomments&post=5"}],"version-history":[{"count":8,"href":"https:\/\/babyosteopathy.com\/index.php?rest_route=\/wp\/v2\/pages\/5\/revisions"}],"predecessor-version":[{"id":318,"href":"https:\/\/babyosteopathy.com\/index.php?rest_route=\/wp\/v2\/pages\/5\/revisions\/318"}],"wp:featuredmedia":[{"embeddable":true,"href":"https:\/\/babyosteopathy.com\/index.php?rest_route=\/wp\/v2\/media\/95"}],"wp:attachment":[{"href":"https:\/\/babyosteopathy.com\/index.php?rest_route=%2Fwp%2Fv2%2Fmedia&parent=5"}],"curies":[{"name":"wp","href":"https:\/\/api.w.org\/{rel}","templated":true}]}}