{"id":224,"date":"2022-01-06T08:44:42","date_gmt":"2022-01-06T08:44:42","guid":{"rendered":"https:\/\/babyosteopathy.com\/?page_id=224"},"modified":"2025-05-01T14:59:35","modified_gmt":"2025-05-01T14:59:35","slug":"wissenswertes","status":"publish","type":"page","link":"https:\/\/babyosteopathy.com\/?page_id=224","title":{"rendered":"Wissenswertes"},"content":{"rendered":"\n<div class=\"wp-block-group has-background\" style=\"background-color:#f3e8eb\"><div class=\"wp-block-group__inner-container is-layout-flow wp-block-group-is-layout-flow\">\n<h3 class=\"wp-block-heading\">Brauche ich &#8222;Manipulationen&#8220; -&#8222;Knacken der Gelenke?<\/h3>\n\n\n\n<p class=\"has-black-color has-text-color\">Unter einer Manipulation versteht man eine HVLA Technik (High Velocity Low Amplitude)<\/p>\n\n\n\n<p class=\"has-black-color has-text-color\">Keine Manipulation wird ohne Ihre Einwilligung durchgef\u00fchrt. Falls Sie eine Behandlung ohne Manipulation w\u00fcnschen, hat Ihr Osteopath in den meisten F\u00e4llen andere Techniken zur Auswahl um das gew\u00fcnschte Ergebnis zu erzielen.<\/p>\n\n\n\n<h3 class=\"wp-block-heading\">Wie viele Behandlungen werde ich ben\u00f6tigen?<\/h3>\n\n\n\n<p class=\"has-black-color has-text-color\">Nat\u00fcrlich ist die Prognose von der einzelnen Personen und den jeweiligen Symptomen abh\u00e4ngig.<\/p>\n\n\n\n<p class=\"has-black-color has-text-color\">Verschieden Faktoren spielen eine Rolle, wie viele Behandlungen n\u00f6tig sind, wie zum Beispiel:<\/p>\n\n\n\n<ul class=\"wp-block-list has-black-color has-text-color\">\n<li>Wie lange besteht das Symptom bereits?<\/li>\n\n\n\n<li>Wie stark war die Verletzug<\/li>\n\n\n\n<li>Wie reagiert der Patient auf die Behandlung<\/li>\n<\/ul>\n\n\n\n<p class=\"has-black-color has-text-color\">in den meisten F\u00e4llen ben\u00f6tigen Patienten zwischen zwei bis sechs Behandlungen. Die einzelnen Termine k\u00f6nnen mit einem Mindestabstand von zwei Tagen und Maximalabstand von einem Monat vereinbart werden.<\/p>\n\n\n\n<p class=\"has-black-color has-text-color\">Sprechen Sie mit Ihrem Osteopathen, denn er h\u00e4lt einen f\u00fcr Sie ma\u00dfgeschneiderten Behandlungsplan bereit.<\/p>\n\n\n\n<h3 class=\"wp-block-heading\">Zahlungsmodalit\u00e4ten<\/h3>\n\n\n\n<p class=\"has-black-color has-text-color\">Die Praxis f\u00fcr Babyosteopathie bevorzugt die \u00dcberweisung als Weg der Bezahlung.<\/p>\n\n\n\n<p class=\"has-black-color has-text-color\"><strong>Wir sind zugelassener Partner privater Krankenversicherungen<\/strong>.<\/p>\n\n\n\n<p class=\"has-black-color has-text-color\"><strong>Private Krankenversicherungen<\/strong>                                                                                                                                      Private Krankenversicherungen decken in der Regel die Kosten osteopathischer Behandlungen, wenn Sie durch einen Heilpraktiker mit entsprechender Qualifikation ausgef\u00fchrt werden. In diesem Falle ben\u00f6tigt der Patient keine \u00dcberweisung eines Arztes.                                                                                                                                                    Kl\u00e4ren Sie dies zur Sicherheit mit Ihrer privaten Krankenversicherung ab. F\u00fcr die R\u00fcckerstattung erhalten Sie von uns eine Rechnung, die Sie bei Ihrer Krankenkasse zur Begleichung einreichen.<\/p>\n\n\n\n<p class=\"has-black-color has-text-color\"><strong>Gesetzliche Krankenversicherung<\/strong>                                                                                                                         Mittlerweile erstatten auch die gesetzliche Kassen osteopathische Behandlungen. Der Leistungsumfang unterscheidet sich nach Kassenzugeh\u00f6rigkeit und deren bestehenden Versicherungsbedingungen, die im Vorfeld mit der Krankenkasse abgekl\u00e4rt werden sollten.<\/p>\n<\/div><\/div>\n","protected":false},"excerpt":{"rendered":"<p>Brauche ich &#8222;Manipulationen&#8220; -&#8222;Knacken der Gelenke? Unter einer Manipulation versteht man eine HVLA Technik (High Velocity Low Amplitude) Keine Manipulation wird ohne Ihre Einwilligung durchgef\u00fchrt. Falls Sie eine Behandlung ohne &hellip; <\/p>\n","protected":false},"author":1,"featured_media":0,"parent":0,"menu_order":0,"comment_status":"closed","ping_status":"closed","template":"","meta":{"footnotes":""},"class_list":["post-224","page","type-page","status-publish","hentry"],"_links":{"self":[{"href":"https:\/\/babyosteopathy.com\/index.php?rest_route=\/wp\/v2\/pages\/224","targetHints":{"allow":["GET"]}}],"collection":[{"href":"https:\/\/babyosteopathy.com\/index.php?rest_route=\/wp\/v2\/pages"}],"about":[{"href":"https:\/\/babyosteopathy.com\/index.php?rest_route=\/wp\/v2\/types\/page"}],"author":[{"embeddable":true,"href":"https:\/\/babyosteopathy.com\/index.php?rest_route=\/wp\/v2\/users\/1"}],"replies":[{"embeddable":true,"href":"https:\/\/babyosteopathy.com\/index.php?rest_route=%2Fwp%2Fv2%2Fcomments&post=224"}],"version-history":[{"count":9,"href":"https:\/\/babyosteopathy.com\/index.php?rest_route=\/wp\/v2\/pages\/224\/revisions"}],"predecessor-version":[{"id":341,"href":"https:\/\/babyosteopathy.com\/index.php?rest_route=\/wp\/v2\/pages\/224\/revisions\/341"}],"wp:attachment":[{"href":"https:\/\/babyosteopathy.com\/index.php?rest_route=%2Fwp%2Fv2%2Fmedia&parent=224"}],"curies":[{"name":"wp","href":"https:\/\/api.w.org\/{rel}","templated":true}]}}