{"id":222,"date":"2022-01-06T08:44:42","date_gmt":"2022-01-06T08:44:42","guid":{"rendered":"https:\/\/babyosteopathy.com\/?page_id=222"},"modified":"2025-05-21T13:15:07","modified_gmt":"2025-05-21T13:15:07","slug":"zur-person-2","status":"publish","type":"page","link":"https:\/\/babyosteopathy.com\/?page_id=222","title":{"rendered":"Zur Person"},"content":{"rendered":"\n<div class=\"wp-block-columns has-background is-layout-flex wp-container-core-columns-is-layout-9d6595d7 wp-block-columns-is-layout-flex\" style=\"background-color:#f3e8eb\">\n<div class=\"wp-block-column is-layout-flow wp-block-column-is-layout-flow\" style=\"flex-basis:33.33%\">\n<figure class=\"wp-block-image size-medium is-style-rounded\"><img loading=\"lazy\" decoding=\"async\" width=\"201\" height=\"300\" src=\"https:\/\/babyosteopathy.com\/wp-content\/uploads\/2022\/01\/cropped-cropped-20211205_173020-scaled-3-e1641462507540-201x300.jpg\" alt=\"\" class=\"wp-image-105\" srcset=\"https:\/\/babyosteopathy.com\/wp-content\/uploads\/2022\/01\/cropped-cropped-20211205_173020-scaled-3-e1641462507540-201x300.jpg 201w, https:\/\/babyosteopathy.com\/wp-content\/uploads\/2022\/01\/cropped-cropped-20211205_173020-scaled-3-e1641462507540.jpg 300w\" sizes=\"auto, (max-width: 201px) 100vw, 201px\" \/><\/figure>\n<\/div>\n\n\n\n<div class=\"wp-block-column is-layout-flow wp-block-column-is-layout-flow\" style=\"flex-basis:66.66%\">\n<p class=\"has-black-color has-text-color\">Petra Mahl ausgebildete Physiotherapeutin und Heilpraktikerin absolvierte erfolgreich am College f\u00fcr angewandte Osteopathie ihr Studium zum Osteopathen.<\/p>\n\n\n\n<p class=\"has-black-color has-text-color\">Ihre Arbeit fokussierte sich zun\u00e4chst auf orthop\u00e4dische Verletzungen bevor sie Ihre Liebe zur ganzheitlichen Behandlung von Kindern und Babys entdeckte.<\/p>\n\n\n\n<p class=\"has-black-color has-text-color\">Durch Ihre umfassende Ausbildung und Fortbildung, die sie dank ihres vierj\u00e4hrigen Auslandsaufenthalts in Singapore mit chinesischer Heilmedizin als auch einem Studium in Biodynamics in Australien erg\u00e4nzte, verf\u00fcgt Petra Mahl \u00fcber ein umfangreiches Behandlungsspektrum, um neben klassischen Indikationen wie Schreikinder, Babies mit Geburtstraumata, Koliken, Infektionen im Hals-Nasen-Ohrenbereich etc. komplizierte F\u00e4lle wie Autismus, Down Syndrom und andere genetische Erkrankungen zu behandeln.<\/p>\n<\/div>\n<\/div>\n\n\n\n<p><\/p>\n","protected":false},"excerpt":{"rendered":"<p>Petra Mahl ausgebildete Physiotherapeutin und Heilpraktikerin absolvierte erfolgreich am College f\u00fcr angewandte Osteopathie ihr Studium zum Osteopathen. Ihre Arbeit fokussierte sich zun\u00e4chst auf orthop\u00e4dische Verletzungen bevor sie Ihre Liebe zur &hellip; <\/p>\n","protected":false},"author":1,"featured_media":0,"parent":0,"menu_order":0,"comment_status":"closed","ping_status":"closed","template":"","meta":{"footnotes":""},"class_list":["post-222","page","type-page","status-publish","hentry"],"_links":{"self":[{"href":"https:\/\/babyosteopathy.com\/index.php?rest_route=\/wp\/v2\/pages\/222","targetHints":{"allow":["GET"]}}],"collection":[{"href":"https:\/\/babyosteopathy.com\/index.php?rest_route=\/wp\/v2\/pages"}],"about":[{"href":"https:\/\/babyosteopathy.com\/index.php?rest_route=\/wp\/v2\/types\/page"}],"author":[{"embeddable":true,"href":"https:\/\/babyosteopathy.com\/index.php?rest_route=\/wp\/v2\/users\/1"}],"replies":[{"embeddable":true,"href":"https:\/\/babyosteopathy.com\/index.php?rest_route=%2Fwp%2Fv2%2Fcomments&post=222"}],"version-history":[{"count":5,"href":"https:\/\/babyosteopathy.com\/index.php?rest_route=\/wp\/v2\/pages\/222\/revisions"}],"predecessor-version":[{"id":426,"href":"https:\/\/babyosteopathy.com\/index.php?rest_route=\/wp\/v2\/pages\/222\/revisions\/426"}],"wp:attachment":[{"href":"https:\/\/babyosteopathy.com\/index.php?rest_route=%2Fwp%2Fv2%2Fmedia&parent=222"}],"curies":[{"name":"wp","href":"https:\/\/api.w.org\/{rel}","templated":true}]}}